{"id":1902,"date":"2025-10-13T21:21:01","date_gmt":"2025-10-13T21:21:01","guid":{"rendered":"https:\/\/manuelhermia.com\/rajazz-series\/"},"modified":"2025-10-13T21:45:36","modified_gmt":"2025-10-13T21:45:36","slug":"rajazz-series","status":"publish","type":"page","link":"https:\/\/manuelhermia.com\/en\/rajazz-series\/","title":{"rendered":"Rajazz Series"},"content":{"rendered":"<p>[et_pb_section fb_built=&#8221;1&#8243; fullwidth=&#8221;on&#8221; _builder_version=&#8221;4.16&#8243; _module_preset=&#8221;default&#8221; background_enable_image=&#8221;off&#8221; global_colors_info=&#8221;{}&#8221;][et_pb_fullwidth_header title=&#8221;Rajazz Series&#8221; text_orientation=&#8221;center&#8221; _builder_version=&#8221;4.24.2&#8243; _module_preset=&#8221;default&#8221; background_enable_color=&#8221;off&#8221; background_image=&#8221;https:\/\/manuelhermia.com\/wp-content\/uploads\/2022\/01\/banner-01.jpg&#8221; custom_padding=&#8221;200px||200px||false|false&#8221; custom_padding_tablet=&#8221;200px||200px||false|false&#8221; custom_padding_phone=&#8221;50px||50px||false|false&#8221; custom_padding_last_edited=&#8221;on|phone&#8221; background_last_edited=&#8221;off|desktop&#8221; background_size_phone=&#8221;contain&#8221; global_colors_info=&#8221;{}&#8221;][\/et_pb_fullwidth_header][\/et_pb_section][et_pb_section fb_built=&#8221;1&#8243; _builder_version=&#8221;4.16&#8243; _module_preset=&#8221;default&#8221; custom_padding=&#8221;||0px|||&#8221; global_colors_info=&#8221;{}&#8221;][et_pb_row column_structure=&#8221;3_5,2_5&#8243; _builder_version=&#8221;4.16&#8243; _module_preset=&#8221;default&#8221; global_colors_info=&#8221;{}&#8221;][et_pb_column type=&#8221;3_5&#8243; _builder_version=&#8221;4.16&#8243; _module_preset=&#8221;default&#8221; global_colors_info=&#8221;{}&#8221;][et_pb_text _builder_version=&#8221;4.27.4&#8243; _module_preset=&#8221;default&#8221; global_colors_info=&#8221;{}&#8221;]<\/p>\n<h2>About<\/h2>\n<p>&nbsp;<\/p>\n<p><span style=\"font-weight: 400;\">The theory behind Rajazz is explained on the <strong><br \/>\n  <a href=\"https:\/\/manuelhermia.com\/en\/approach\/rajazz\/\">\u201cApproach\/Rajazz\u201d<\/a><br \/>\n<\/strong> page of this website. <\/span><\/p>\n<p>Manuel Hermia has been exploring Rajazz for around twenty years. What exactly is it? It is an original system for organizing notes, straddling modal and tonal music. A research grant from FRart (Artistic Research Fund under the FNRS) enabled him to further his musical research in relation to mathematics and geometry from October 2023 to October 2025. This resulted in a whole series of works, written by himself and others.    <\/p>\n<p>One of the distinctive features of rajazz is that, as a musical theory, it imposes a number of constraints on composers or improvisers who wish to use it. However, it does not imply any particular style and leaves the structure of the works entirely open. The field of exploration is therefore very broad.  <\/p>\n<p>The Rajazz series will focus exclusively on works based on rajazz, across a wide variety of<br \/>styles and instruments.Cette s\u00e9rie Rajazz aura pour fil rouge de ne proposer que des \u0153uvres construites \u00e0 partir de rajazz, au travers d\u2019une grande vari\u00e9t\u00e9 de styles et d\u2019instruments les plus divers. La composition partage cette fois l\u2019espace avec l\u2019improvisation. <\/p>\n<p>To be released in 2026.<\/p>\n<p>Then, a digital series called RAJAZZ SERIES will be released in autumn 2026. This time, the use of the Rajazz theory in its various forms will serve as the common thread, spanning a wide range of styles and instruments. <\/p>\n<p>[\/et_pb_text][\/et_pb_column][et_pb_column type=&#8221;2_5&#8243; _builder_version=&#8221;4.16&#8243; _module_preset=&#8221;default&#8221; global_colors_info=&#8221;{}&#8221;][et_pb_code disabled_on=&#8221;on|on|on&#8221; _builder_version=&#8221;4.24.2&#8243; _module_preset=&#8221;default&#8221; disabled=&#8221;on&#8221; global_colors_info=&#8221;{}&#8221;]<iframe style=\"border-radius:12px\" src=\"https:\/\/open.spotify.com\/embed\/album\/2jvnQefe9Uhh5v2gjquULz?utm_source=generator&amp;theme=0\" width=\"100%\" height=\"352\" frameborder=\"0\" allowfullscreen=\"\" allow=\"autoplay; clipboard-write; encrypted-media; fullscreen; picture-in-picture\" loading=\"lazy\"><\/iframe>[\/et_pb_code][et_pb_divider show_divider=&#8221;off&#8221; _builder_version=&#8221;4.16&#8243; _module_preset=&#8221;default&#8221; global_colors_info=&#8221;{}&#8221;][\/et_pb_divider][et_pb_blurb title=&#8221;Manuel Hermia&#8221; url=&#8221;https:\/\/monartagency.com\/manuel-hermia\/a-propos\/&#8221; image=&#8221;https:\/\/manuelhermia.com\/wp-content\/uploads\/2022\/01\/profile-00.jpg&#8221; icon_placement=&#8221;left&#8221; disabled_on=&#8221;on|on|on&#8221; _builder_version=&#8221;4.16&#8243; _module_preset=&#8221;default&#8221; border_radii_image=&#8221;on|50px|50px|50px|50px&#8221; border_style_all_image=&#8221;none&#8221; disabled=&#8221;on&#8221; global_colors_info=&#8221;{}&#8221;]<\/p>\n<p>Tenor sax<\/p>\n<p>[\/et_pb_blurb][et_pb_divider show_divider=&#8221;off&#8221; _builder_version=&#8221;4.16&#8243; _module_preset=&#8221;default&#8221; global_colors_info=&#8221;{}&#8221;][\/et_pb_divider][et_pb_button button_url=&#8221;#&#8221; url_new_window=&#8221;on&#8221; button_text=&#8221;Shop&#8221; button_alignment=&#8221;left&#8221; disabled_on=&#8221;on|on|on&#8221; _builder_version=&#8221;4.17.4&#8243; _module_preset=&#8221;default&#8221; custom_button=&#8221;on&#8221; button_text_color=&#8221;#FFFFFF&#8221; button_bg_color=&#8221;#cf734f&#8221; button_border_radius=&#8221;50px&#8221; button_icon=&#8221;&#xe07a;||divi||400&#8243; button_icon_color=&#8221;#FFFFFF&#8221; button_icon_placement=&#8221;left&#8221; button_on_hover=&#8221;off&#8221; disabled=&#8221;on&#8221; global_colors_info=&#8221;{}&#8221;][\/et_pb_button][\/et_pb_column][\/et_pb_row][\/et_pb_section][et_pb_section fb_built=&#8221;1&#8243; disabled_on=&#8221;on|on|on&#8221; _builder_version=&#8221;4.16&#8243; _module_preset=&#8221;default&#8221; background_color=&#8221;#282828&#8243; disabled=&#8221;on&#8221; global_colors_info=&#8221;{}&#8221;][\/et_pb_section][et_pb_section fb_built=&#8221;1&#8243; disabled_on=&#8221;on|on|on&#8221; _builder_version=&#8221;4.16&#8243; _module_preset=&#8221;default&#8221; disabled=&#8221;on&#8221; locked=&#8221;off&#8221; global_colors_info=&#8221;{}&#8221;][et_pb_row _builder_version=&#8221;4.16&#8243; _module_preset=&#8221;default&#8221; global_colors_info=&#8221;{}&#8221;][et_pb_column type=&#8221;4_4&#8243; _builder_version=&#8221;4.16&#8243; _module_preset=&#8221;default&#8221; global_colors_info=&#8221;{}&#8221;][et_pb_text _builder_version=&#8221;4.16&#8243; _module_preset=&#8221;default&#8221; global_colors_info=&#8221;{}&#8221;]<\/p>\n<h2>Videos<\/h2>\n<p>[\/et_pb_text][\/et_pb_column][\/et_pb_row][\/et_pb_section][et_pb_section fb_built=&#8221;1&#8243; _builder_version=&#8221;4.16&#8243; _module_preset=&#8221;default&#8221; background_color=&#8221;#262626&#8243; custom_padding=&#8221;0px||0px|||&#8221; global_colors_info=&#8221;{}&#8221;][et_pb_row _builder_version=&#8221;4.16&#8243; _module_preset=&#8221;default&#8221; global_colors_info=&#8221;{}&#8221;][et_pb_column type=&#8221;4_4&#8243; _builder_version=&#8221;4.16&#8243; _module_preset=&#8221;default&#8221; global_colors_info=&#8221;{}&#8221;][et_pb_cta button_url=&#8221;https:\/\/manuelhermia.com\/en\/projects\/composer\/&#8221; button_text=&#8221;Projets Rajazz&#8221; _builder_version=&#8221;4.24.2&#8243; _module_preset=&#8221;default&#8221; background_color=&#8221;#262626&#8243; custom_button=&#8221;on&#8221; button_text_color=&#8221;#cf734f&#8221; button_bg_color=&#8221;#FFFFFF&#8221; button_border_width=&#8221;0px&#8221; text_orientation=&#8221;left&#8221; custom_padding=&#8221;16px||16px|||&#8221; global_colors_info=&#8221;{}&#8221;][\/et_pb_cta][\/et_pb_column][\/et_pb_row][\/et_pb_section]<\/p>\n","protected":false},"excerpt":{"rendered":"<p>About &nbsp; The theory behind Rajazz is explained on the \u201cApproach\/Rajazz\u201d page of this website. Manuel Hermia has been exploring Rajazz for around twenty years. What exactly is it? It is an original system for organizing notes, straddling modal and tonal music. A research grant from FRart (Artistic Research Fund under the FNRS) enabled him [&hellip;]<\/p>\n","protected":false},"author":1,"featured_media":791,"parent":0,"menu_order":0,"comment_status":"closed","ping_status":"closed","template":"","meta":{"nf_dc_page":"","_et_pb_use_builder":"on","_et_pb_old_content":"","_et_gb_content_width":"","footnotes":""},"class_list":["post-1902","page","type-page","status-publish","has-post-thumbnail","hentry"],"yoast_head":"<!-- This site is optimized with the Yoast SEO plugin v27.4 - https:\/\/yoast.com\/product\/yoast-seo-wordpress\/ -->\n<title>Rajazz Series - Manuel Hermia<\/title>\n<meta name=\"robots\" content=\"index, follow, max-snippet:-1, max-image-preview:large, max-video-preview:-1\" \/>\n<link rel=\"canonical\" href=\"https:\/\/manuelhermia.com\/en\/rajazz-series\/\" \/>\n<meta property=\"og:locale\" content=\"en_US\" \/>\n<meta property=\"og:type\" content=\"article\" \/>\n<meta property=\"og:title\" content=\"Rajazz Series - Manuel Hermia\" \/>\n<meta property=\"og:description\" content=\"About &nbsp; The theory behind Rajazz is explained on the \u201cApproach\/Rajazz\u201d page of this website. Manuel Hermia has been exploring Rajazz for around twenty years. What exactly is it? It is an original system for organizing notes, straddling modal and tonal music. A research grant from FRart (Artistic Research Fund under the FNRS) enabled him [&hellip;]\" \/>\n<meta property=\"og:url\" content=\"https:\/\/manuelhermia.com\/en\/rajazz-series\/\" \/>\n<meta property=\"og:site_name\" content=\"Manuel Hermia\" \/>\n<meta property=\"article:modified_time\" content=\"2025-10-13T21:45:36+00:00\" \/>\n<meta property=\"og:image\" content=\"https:\/\/i0.wp.com\/manuelhermia.com\/wp-content\/uploads\/2022\/01\/banner-01.jpg?fit=2100%2C900&ssl=1\" \/>\n\t<meta property=\"og:image:width\" content=\"2100\" \/>\n\t<meta property=\"og:image:height\" content=\"900\" \/>\n\t<meta property=\"og:image:type\" content=\"image\/jpeg\" \/>\n<meta name=\"twitter:card\" content=\"summary_large_image\" \/>\n<meta name=\"twitter:label1\" content=\"Est. reading time\" \/>\n\t<meta name=\"twitter:data1\" content=\"4 minutes\" \/>\n<script type=\"application\/ld+json\" class=\"yoast-schema-graph\">{\"@context\":\"https:\\\/\\\/schema.org\",\"@graph\":[{\"@type\":\"WebPage\",\"@id\":\"https:\\\/\\\/manuelhermia.com\\\/en\\\/rajazz-series\\\/\",\"url\":\"https:\\\/\\\/manuelhermia.com\\\/en\\\/rajazz-series\\\/\",\"name\":\"Rajazz Series - Manuel Hermia\",\"isPartOf\":{\"@id\":\"https:\\\/\\\/manuelhermia.com\\\/en\\\/#website\"},\"primaryImageOfPage\":{\"@id\":\"https:\\\/\\\/manuelhermia.com\\\/en\\\/rajazz-series\\\/#primaryimage\"},\"image\":{\"@id\":\"https:\\\/\\\/manuelhermia.com\\\/en\\\/rajazz-series\\\/#primaryimage\"},\"thumbnailUrl\":\"https:\\\/\\\/i0.wp.com\\\/manuelhermia.com\\\/wp-content\\\/uploads\\\/2022\\\/01\\\/banner-01.jpg?fit=2100%2C900&ssl=1\",\"datePublished\":\"2025-10-13T21:21:01+00:00\",\"dateModified\":\"2025-10-13T21:45:36+00:00\",\"breadcrumb\":{\"@id\":\"https:\\\/\\\/manuelhermia.com\\\/en\\\/rajazz-series\\\/#breadcrumb\"},\"inLanguage\":\"en-US\",\"potentialAction\":[{\"@type\":\"ReadAction\",\"target\":[\"https:\\\/\\\/manuelhermia.com\\\/en\\\/rajazz-series\\\/\"]}]},{\"@type\":\"ImageObject\",\"inLanguage\":\"en-US\",\"@id\":\"https:\\\/\\\/manuelhermia.com\\\/en\\\/rajazz-series\\\/#primaryimage\",\"url\":\"https:\\\/\\\/i0.wp.com\\\/manuelhermia.com\\\/wp-content\\\/uploads\\\/2022\\\/01\\\/banner-01.jpg?fit=2100%2C900&ssl=1\",\"contentUrl\":\"https:\\\/\\\/i0.wp.com\\\/manuelhermia.com\\\/wp-content\\\/uploads\\\/2022\\\/01\\\/banner-01.jpg?fit=2100%2C900&ssl=1\",\"width\":2100,\"height\":900},{\"@type\":\"BreadcrumbList\",\"@id\":\"https:\\\/\\\/manuelhermia.com\\\/en\\\/rajazz-series\\\/#breadcrumb\",\"itemListElement\":[{\"@type\":\"ListItem\",\"position\":1,\"name\":\"Home\",\"item\":\"https:\\\/\\\/manuelhermia.com\\\/en\\\/home\\\/\"},{\"@type\":\"ListItem\",\"position\":2,\"name\":\"Rajazz Series\"}]},{\"@type\":\"WebSite\",\"@id\":\"https:\\\/\\\/manuelhermia.com\\\/en\\\/#website\",\"url\":\"https:\\\/\\\/manuelhermia.com\\\/en\\\/\",\"name\":\"Manuel Hermia\",\"description\":\"Manuel Hermia is a belgian saxophonist, composer and educator official website\",\"potentialAction\":[{\"@type\":\"SearchAction\",\"target\":{\"@type\":\"EntryPoint\",\"urlTemplate\":\"https:\\\/\\\/manuelhermia.com\\\/en\\\/?s={search_term_string}\"},\"query-input\":{\"@type\":\"PropertyValueSpecification\",\"valueRequired\":true,\"valueName\":\"search_term_string\"}}],\"inLanguage\":\"en-US\"}]}<\/script>\n<!-- \/ Yoast SEO plugin. -->","yoast_head_json":{"title":"Rajazz Series - Manuel Hermia","robots":{"index":"index","follow":"follow","max-snippet":"max-snippet:-1","max-image-preview":"max-image-preview:large","max-video-preview":"max-video-preview:-1"},"canonical":"https:\/\/manuelhermia.com\/en\/rajazz-series\/","og_locale":"en_US","og_type":"article","og_title":"Rajazz Series - Manuel Hermia","og_description":"About &nbsp; The theory behind Rajazz is explained on the \u201cApproach\/Rajazz\u201d page of this website. Manuel Hermia has been exploring Rajazz for around twenty years. What exactly is it? It is an original system for organizing notes, straddling modal and tonal music. A research grant from FRart (Artistic Research Fund under the FNRS) enabled him [&hellip;]","og_url":"https:\/\/manuelhermia.com\/en\/rajazz-series\/","og_site_name":"Manuel Hermia","article_modified_time":"2025-10-13T21:45:36+00:00","og_image":[{"width":2100,"height":900,"url":"https:\/\/i0.wp.com\/manuelhermia.com\/wp-content\/uploads\/2022\/01\/banner-01.jpg?fit=2100%2C900&ssl=1","type":"image\/jpeg"}],"twitter_card":"summary_large_image","twitter_misc":{"Est. reading time":"4 minutes"},"schema":{"@context":"https:\/\/schema.org","@graph":[{"@type":"WebPage","@id":"https:\/\/manuelhermia.com\/en\/rajazz-series\/","url":"https:\/\/manuelhermia.com\/en\/rajazz-series\/","name":"Rajazz Series - Manuel Hermia","isPartOf":{"@id":"https:\/\/manuelhermia.com\/en\/#website"},"primaryImageOfPage":{"@id":"https:\/\/manuelhermia.com\/en\/rajazz-series\/#primaryimage"},"image":{"@id":"https:\/\/manuelhermia.com\/en\/rajazz-series\/#primaryimage"},"thumbnailUrl":"https:\/\/i0.wp.com\/manuelhermia.com\/wp-content\/uploads\/2022\/01\/banner-01.jpg?fit=2100%2C900&ssl=1","datePublished":"2025-10-13T21:21:01+00:00","dateModified":"2025-10-13T21:45:36+00:00","breadcrumb":{"@id":"https:\/\/manuelhermia.com\/en\/rajazz-series\/#breadcrumb"},"inLanguage":"en-US","potentialAction":[{"@type":"ReadAction","target":["https:\/\/manuelhermia.com\/en\/rajazz-series\/"]}]},{"@type":"ImageObject","inLanguage":"en-US","@id":"https:\/\/manuelhermia.com\/en\/rajazz-series\/#primaryimage","url":"https:\/\/i0.wp.com\/manuelhermia.com\/wp-content\/uploads\/2022\/01\/banner-01.jpg?fit=2100%2C900&ssl=1","contentUrl":"https:\/\/i0.wp.com\/manuelhermia.com\/wp-content\/uploads\/2022\/01\/banner-01.jpg?fit=2100%2C900&ssl=1","width":2100,"height":900},{"@type":"BreadcrumbList","@id":"https:\/\/manuelhermia.com\/en\/rajazz-series\/#breadcrumb","itemListElement":[{"@type":"ListItem","position":1,"name":"Home","item":"https:\/\/manuelhermia.com\/en\/home\/"},{"@type":"ListItem","position":2,"name":"Rajazz Series"}]},{"@type":"WebSite","@id":"https:\/\/manuelhermia.com\/en\/#website","url":"https:\/\/manuelhermia.com\/en\/","name":"Manuel Hermia","description":"Manuel Hermia is a belgian saxophonist, composer and educator official website","potentialAction":[{"@type":"SearchAction","target":{"@type":"EntryPoint","urlTemplate":"https:\/\/manuelhermia.com\/en\/?s={search_term_string}"},"query-input":{"@type":"PropertyValueSpecification","valueRequired":true,"valueName":"search_term_string"}}],"inLanguage":"en-US"}]}},"jetpack_sharing_enabled":true,"_links":{"self":[{"href":"https:\/\/manuelhermia.com\/en\/wp-json\/wp\/v2\/pages\/1902","targetHints":{"allow":["GET"]}}],"collection":[{"href":"https:\/\/manuelhermia.com\/en\/wp-json\/wp\/v2\/pages"}],"about":[{"href":"https:\/\/manuelhermia.com\/en\/wp-json\/wp\/v2\/types\/page"}],"author":[{"embeddable":true,"href":"https:\/\/manuelhermia.com\/en\/wp-json\/wp\/v2\/users\/1"}],"replies":[{"embeddable":true,"href":"https:\/\/manuelhermia.com\/en\/wp-json\/wp\/v2\/comments?post=1902"}],"version-history":[{"count":5,"href":"https:\/\/manuelhermia.com\/en\/wp-json\/wp\/v2\/pages\/1902\/revisions"}],"predecessor-version":[{"id":1932,"href":"https:\/\/manuelhermia.com\/en\/wp-json\/wp\/v2\/pages\/1902\/revisions\/1932"}],"wp:featuredmedia":[{"embeddable":true,"href":"https:\/\/manuelhermia.com\/en\/wp-json\/wp\/v2\/media\/791"}],"wp:attachment":[{"href":"https:\/\/manuelhermia.com\/en\/wp-json\/wp\/v2\/media?parent=1902"}],"curies":[{"name":"wp","href":"https:\/\/api.w.org\/{rel}","templated":true}]}}